{"id":1173,"date":"2020-02-11T10:23:06","date_gmt":"2020-02-11T09:23:06","guid":{"rendered":"http:\/\/lazermi.noblogs.org\/?page_id=1173"},"modified":"2021-01-28T10:17:49","modified_gmt":"2021-01-28T09:17:49","slug":"autres-sites","status":"publish","type":"page","link":"https:\/\/liremarx.noblogs.org\/?page_id=1173","title":{"rendered":"Autres sites"},"content":{"rendered":"<p>Une s\u00e9lection de sites ressources:<\/p>\n<h1>Biblioth\u00e8ques du marxisme<\/h1>\n<p><a href=\"https:\/\/bataillesocialiste.wordpress.com\/\" target=\"_blank\" rel=\"noopener noreferrer\">La Bataille socialiste<\/a> est le site incontournable d&rsquo;informations et de ressources documentaires pour le marxisme vivant et la d\u00e9mocratie ouvri\u00e8re.<\/p>\n<p><a href=\"https:\/\/bibliothequedumarxisme.wordpress.com\/\">Biblioth\u00e8que du marxisme<\/a>, site d\u2019h\u00e9bergement de ressources (plus de 1000 fichiers pdf), principalement d\u2019orientation marxiste non l\u00e9niniste, avec des textes importants et utiles en privil\u00e9giant les \u00e9ditions d\u2019origine.<\/p>\n<h2>Histoire du mouvement ouvrier<\/h2>\n<p><a href=\"http:\/\/smolny.fr\/\" target=\"_blank\" rel=\"noopener noreferrer\">Smolny<\/a> (introuvables du mouvement ouvrier internationaliste, oeuvres compl\u00e8tes de Rosa Luxemburg, contributions actuelles \u00e0 la recherche mat\u00e9rialiste, etc&#8230;)<\/p>\n<p><a href=\"https:\/\/archivesautonomies.org\/\" target=\"_blank\" rel=\"noopener noreferrer\">Archivesautonomie<\/a> diffuse \u00ab\u00a0aussi bien des documents issus de groupes se revendiquant de l\u2019anarchie (dans ses diff\u00e9rentes expressions), de(s) l\u2019autonomie(s), de la gauche communiste, du situationnisme, des composantes des mouvements libertaire et communiste-libertaire, etc. que de divers comit\u00e9s centr\u00e9s sur des luttes particuli\u00e8res : ouvriers, salari\u00e9s, ch\u00f4meurs, prisonniers, patients en butte \u00e0 la m\u00e9decine, femmes, etc.\u00a0\u00bb<\/p>\n<p><a href=\"http:\/\/www.left-dis.nl\/\" target=\"_blank\" rel=\"noopener noreferrer\">Left Wing Communism<\/a> met \u00e0 disposition les textes touchant l&rsquo;histoire de la Gauche communiste.<\/p>\n<h2>Economie\/lutte de classe\/actualit\u00e9<\/h2>\n<p><a href=\"http:\/\/www.capitalisme-et-crise.info\/fr\/Bienvenue\/Nouveaut%C3%A9s\" target=\"_blank\" rel=\"noopener noreferrer\">Capitalisme et crise<\/a> rassemble des textes de Jacques Gouverneur et Marcel Roelandts. Ils \u00ab\u00a0proposent de d\u00e9couvrir les r\u00e9sultats de leurs recherches respectives. Elles portent sur l\u2019analyse critique de l\u2019\u00e9volution du capitalisme, en respectant un souci de rigueur scientifique\u00a0\u00bb.<\/p>\n<p><a href=\"http:\/\/table-rase.org\/\">Table rase<\/a> est une association d&rsquo;\u00e9ducation populaire marxiste qui propose des textes et des enregistrements essentiels.<\/p>\n<p><a href=\"http:\/\/www.critique-sociale.info\/\" target=\"_blank\" rel=\"noopener noreferrer\">Critique sociale<\/a> vise \u00e0 contribuer \u00e0 l\u2019information et \u00e0 l\u2019analyse concernant les luttes sociales et les mouvements r\u00e9volutionnaires dans le monde. Tendance \u00ab\u00a0luxemburgiste\u00a0\u00bb (si ce terme a v\u00e9ritablement un sens).<\/p>\n<p><a href=\"https:\/\/www.echangesetmouvement.fr\/\" target=\"_blank\" rel=\"noopener noreferrer\">Echanges et mouvement<\/a> s\u00e9lectionne les informations concernant les luttes de classe et fait un choix dans la masse des nouvelles politiques, diplomatiques et \u00e9conomiques<\/p>\n<h2>Cercles de lecture Karl Marx<\/h2>\n<p><a href=\"https:\/\/clkmtoulouse.wordpress.com\/\">Cercle de lecture Karl Marx de Toulouse<\/a><\/p>\n<p><a href=\"https:\/\/rebellyon.info\/Cercle-de-lecture-du-Capital-de-Karl-Marx-21130\">Cercle de lecture de Lyon<\/a><\/p>\n<h1>Revues et sites anglophones<\/h1>\n<ul>\n<li><a href=\"http:\/\/www.historicalmaterialism.org\/\">Historical materialism<\/a><\/li>\n<li><strong><a href=\"https:\/\/critiqueofcrisistheory.wordpress.com\/\">Blog de Sam Williams<\/a><\/strong><\/li>\n<\/ul>\n<h1>Sites germanophones<\/h1>\n<ul>\n<li><a href=\"http:\/\/www.wildcat-www.de\/\" target=\"_blank\" rel=\"noopener noreferrer\">Wildcat<\/a> est une revue allemande qui recense les actualit\u00e9s dans la lutte de classe dans le monde. Ses articles sont notamment traduits en fran\u00e7ais dans la revue Echanges et mouvement.<\/li>\n<li><strong><a href=\"https:\/\/www.streifzuege.org\/\" target=\"_blank\" rel=\"noopener noreferrer\">Streifz\u00fcge<\/a><\/strong><\/li>\n<li><strong><a href=\"http:\/\/www.oekonomiekritik.de\/\" target=\"_blank\" rel=\"noopener noreferrer\">oekonomiekritik (M. Heinrich)<\/a><\/strong><\/li>\n<li><strong><a href=\"http:\/\/www.zeitschrift-marxistische-erneuerung.de\/\" target=\"_blank\" rel=\"noopener noreferrer\">Z. Zeitschrift f\u00fcr marx. Erneuerung<\/a><\/strong><\/li>\n<li><strong><a href=\"http:\/\/www.marx-gesellschaft.de\/MG-TagungenText.htm\" target=\"_blank\" rel=\"noopener noreferrer\">marx-gesellschaft<\/a><\/strong><\/li>\n<\/ul>\n<h1>Divers<\/h1>\n<ul>\n<li><a href=\"https:\/\/cdarmangeat.blogspot.com\/\" target=\"_blank\" rel=\"noopener noreferrer\"><strong>La Hutte de classes<\/strong><\/a>, site de Christophe Darmangeat propose de nombreuses contributions essentielles en anthropologie sociale, pr\u00e9histoire et marxisme.<\/li>\n<li><strong><a href=\"http:\/\/plusloin.org\/plusloin\/\" target=\"_blank\" rel=\"noopener noreferrer\">Plusloin<\/a><\/strong><\/li>\n<li><a href=\"https:\/\/agitationautonome.com\/\"><strong>Agitation autonome<\/strong><\/a><\/li>\n<li><strong><a href=\"http:\/\/www.demystification.fr\/blog\/\" target=\"_blank\" rel=\"noopener noreferrer\">Demystification (Tom Thomas)<\/a><\/strong><\/li>\n<li><strong><a href=\"http:\/\/mondialisme.org\/\" target=\"_blank\" rel=\"noopener noreferrer\">Mondialisme.org<\/a><\/strong><\/li>\n<li><strong><a href=\"http:\/\/contrecapital.blogspot.com\/\" target=\"_blank\" rel=\"noopener noreferrer\">liaison internationaliste<\/a><\/strong><\/li>\n<li><strong><a href=\"http:\/\/aaap.be\/Pages\/Frontpage.html#fr\" target=\"_blank\" rel=\"noopener noreferrer\">Archives Anton Pannekoek<\/a><\/strong><\/li>\n<li><strong><a href=\"http:\/\/amisgeorglukacs.org\/2016\/08\/sauvons-les-archives-lukacs.html\" target=\"_blank\" rel=\"noopener noreferrer\">Amis de Georg Lukacs<\/a><\/strong><\/li>\n<li><strong><a href=\"http:\/\/www.palim-psao.fr\/\" target=\"_blank\" rel=\"noopener noreferrer\">palim-psao<\/a><\/strong><\/li>\n<li><strong><a href=\"https:\/\/ddt21.noblogs.org\/\" target=\"_blank\" rel=\"noopener noreferrer\">douter de tout<\/a><\/strong><\/li>\n<li><strong><a href=\"https:\/\/carbureblog.com\/\" target=\"_blank\" rel=\"noopener noreferrer\">Carbure Blog<\/a><\/strong><\/li>\n<li><strong><a href=\"https:\/\/dndf.org\/\" target=\"_blank\" rel=\"noopener noreferrer\">Des nouvelles du front<\/a><\/strong><\/li>\n<li><strong><a href=\"http:\/\/www.platenqmil.com\/\" target=\"_blank\" rel=\"noopener noreferrer\">Plateforme d&rsquo;enqu\u00eates militantes<\/a><\/strong><\/li>\n<li><a href=\"https:\/\/rednotes.noblogs.org\/\">rednotes<\/a><\/li>\n<\/ul>\n<h1>Radios<\/h1>\n<ul>\n<li><a href=\"https:\/\/vosstanie.blogspot.com\/\">Radio Vosstanie<\/a><\/li>\n<li><a href=\"http:\/\/www.sortirducapitalisme.fr\/\">sortirducapitalisme<\/a><\/li>\n<\/ul>\n<p>Recherches marxologiques<\/p>\n<p>Beitr\u00e4ge zur Marx-Engels-Forschung<\/p>\n<p><i>Marx-Engels Jahrb\u00fccher<\/i><\/p>\n","protected":false},"excerpt":{"rendered":"<p>Une s\u00e9lection de sites ressources: Biblioth\u00e8ques du marxisme La Bataille socialiste est le site incontournable d&rsquo;informations et de ressources documentaires pour le marxisme vivant et la d\u00e9mocratie ouvri\u00e8re. Biblioth\u00e8que du marxisme, site d\u2019h\u00e9bergement de ressources (plus de 1000 fichiers pdf), &hellip; <a href=\"https:\/\/liremarx.noblogs.org\/?page_id=1173\">Continuer la lecture <span class=\"meta-nav\">&rarr;<\/span><\/a><\/p>\n","protected":false},"author":14481,"featured_media":0,"parent":0,"menu_order":0,"comment_status":"closed","ping_status":"closed","template":"","meta":{"footnotes":""},"class_list":["post-1173","page","type-page","status-publish","hentry"],"_links":{"self":[{"href":"https:\/\/liremarx.noblogs.org\/index.php?rest_route=\/wp\/v2\/pages\/1173","targetHints":{"allow":["GET"]}}],"collection":[{"href":"https:\/\/liremarx.noblogs.org\/index.php?rest_route=\/wp\/v2\/pages"}],"about":[{"href":"https:\/\/liremarx.noblogs.org\/index.php?rest_route=\/wp\/v2\/types\/page"}],"author":[{"embeddable":true,"href":"https:\/\/liremarx.noblogs.org\/index.php?rest_route=\/wp\/v2\/users\/14481"}],"replies":[{"embeddable":true,"href":"https:\/\/liremarx.noblogs.org\/index.php?rest_route=%2Fwp%2Fv2%2Fcomments&post=1173"}],"version-history":[{"count":9,"href":"https:\/\/liremarx.noblogs.org\/index.php?rest_route=\/wp\/v2\/pages\/1173\/revisions"}],"predecessor-version":[{"id":2219,"href":"https:\/\/liremarx.noblogs.org\/index.php?rest_route=\/wp\/v2\/pages\/1173\/revisions\/2219"}],"wp:attachment":[{"href":"https:\/\/liremarx.noblogs.org\/index.php?rest_route=%2Fwp%2Fv2%2Fmedia&parent=1173"}],"curies":[{"name":"wp","href":"https:\/\/api.w.org\/{rel}","templated":true}]}}