{"id":1915,"date":"2020-04-02T15:21:23","date_gmt":"2020-04-02T13:21:23","guid":{"rendered":"http:\/\/liremarx.noblogs.org\/?page_id=1915"},"modified":"2020-04-03T11:40:14","modified_gmt":"2020-04-03T09:40:14","slug":"p-1997","status":"publish","type":"page","link":"https:\/\/liremarx.noblogs.org\/?page_id=1915","title":{"rendered":"Publications autour de Marx &#8211; 1997"},"content":{"rendered":"<p><strong>Karl Marx \u2013 Friedrich Engels<\/strong>. Tekster pa dansk 1848-1996. En bibliografi over artikler, breve, boger. Udarbejdet af Louise Fluger Callesen. ABA\u2019s bibliografske serie 10, Kobenhavn 1997 (Mail).<\/p>\n<p><strong>Hans-Georg Backhaus<\/strong>: Dialektik der Wertform: Untersuchungen zur marxschen \u00d6konomiekritik, Verl. \u00c7a ira, Freiburg i. Br. 1997, 533 S. (ISBN 3-92467-52-5). <a href=\"https:\/\/liremarx.noblogs.org\/?p=1093\">Article sur cette publication<\/a><\/p>\n<p><strong>Theodor Bergmann\/Mario Ke\u00dfler\/Joost Kircz\/Gert Sch\u00e4fer (Hrsg.)<\/strong>: Zwischen Utopie und Kritik. Friedrich Engels \u2013 ein \u00bbKlassiker\u00ab nach 100 Jahren, VSA-Verlag, Hamburg 1997, 283 S. (ISBN 3-87975-688-0).<\/p>\n<p><strong>Diethard Behrens (Hrsg.)<\/strong>: Politik und soziale Praxis, Verl. \u00c7a ira, Freiburg i. Br. 1997, 232 S. (ISBN 3-92467-44-4).<\/p>\n<p><strong>Ulrich Peters<\/strong>: Kommunismus und Anarchismus. Die Zeit der Ersten Internationale, Hochschulschriften 16, PapyRossa Verlag, K\u00f6ln 1997, 282 S. (ISBN 3-89438-130-2).<\/p>\n<p><strong>Wolfgang Fritz Haug (Hrsg.)<\/strong>: Historisch-Kritisches W\u00f6rterbuch des Marxismus.Band 3: Ebene bis Extremismus, Argument-Verlag, Hamburg\/Berlin 1997, o. S. (ISBN 3-88619-433-7).<\/p>\n<p><strong>Anneliese Griese\/Hans Joerg Sandk\u00fchler (Hrsg.)<\/strong>: Karl Marx \u2013 zwischen Philosophie und Naturwissenschaften. Verl. Peter Lang, Fankfurt\/M. u.a. 1997, 250 S. (ISBN 3-631-32105-8).<\/p>\n<p><strong>Jan Gielkens<\/strong>:\u201cWas ik maar weer in Bommel\u2018. Karl Marx en zijn Nederlandse. Een familiegeschiedenis in documenten, bezorgd en ingeleid door Jan Gielkens, Amsterdam 1997, 200 S. (ISBN 90-6861-099-6).<\/p>\n<p><strong>Franco Soldani<\/strong>: Sistemi di conoscenza e potere nella societ\u00e1 capitalista. Realt\u00e1 \u2013 razionalit\u00e1 a Spinoza al costruttivisimo radicale, A. Pellicani Editore, Rom 1997, 687 S. (Adresse: Pellicani Editore, I-00199 Roma, via Piediluco 1\/a).<\/p>\n<p>Engels Today. A Centenary Appreciation. Edited by Christopher J. Arthur, Macmillan Press Ltd, London 1996, 214 p. (ISBN 0-333-66531-7).<\/p>\n<p id=\"titre\" class=\"notice\"><span class=\"\">Marxism : the inner dialogues \/ ed. by Michael Curtis,<\/span> <span class=\"\">2nd ed.<\/span> , <span class=\"\">New Brunswick (N.J.) ; London : Transaction publishers, 1997<\/span><\/p>\n<p id=\"titre\" class=\"notice\"><span class=\"\">Social cohesion and legal coercion : a critique of Weber, Durkheim and Marx, Leon Shaskolsky Sheleff, <\/span><span class=\"notice-label\">Publication\u00a0:\u00a0<\/span><span class=\"\">Amsterdam : Rodopi, 1997<\/span><\/p>\n<h1>En fran\u00e7ais<\/h1>\n<p id=\"titre\" class=\"notice\"><span class=\"\">H\u00e9ritiers de Ca\u00efn : identit\u00e9s, fraternit\u00e9, pouvoir ; suivi d&rsquo;une correspondance de l&rsquo;auteur avec Lucien S\u00e8ve et d&rsquo;un addendum sur la th\u00e9orie marxiste de l&rsquo;\u00c9tat \/ Jean-Louis Sagot-Duvauroux, <\/span><span class=\"notice-label\">Publication\u00a0:\u00a0<\/span><span class=\"\">Paris (109 rue Orfila, 75020) : la Dispute, 1997<\/span><\/p>\n<p id=\"titre\" class=\"notice\"><span class=\"\">Marx apr\u00e8s les marxismes. Tome I, Marx \u00e0 la question, sous la dir. de Michel Vakaloulis et Jean-Marie Vincent, <\/span><span class=\"\">Paris ; Montr\u00e9al (Qu\u00e9bec) : Ed. l&rsquo;Harmattan, 1997<\/span><\/p>\n<p><span class=\"\">Marx apr\u00e8s les marxismes. Tome 2, Marx au futur, sous la dir. de Michel Vakaloulis et Jean-Marie Vincent ; Denis Berger, Jacques Bidet, Fr\u00e9d\u00e9ric Jameson&#8230; [et al.]<\/span><span class=\"\">Paris ; Montr\u00e9al : \u00c9d. l&rsquo;Harmattan, 1997<\/span><\/p>\n<p><span class=\"\">Marx versus Stirner ; Le fant\u00f4me de l&rsquo;op\u00e9ra : petit Joubert illustr\u00e9, Daniel Joubert<\/span><span class=\"notice-label\">\u00a0<\/span><span class=\"\">[Paris] : l&rsquo;Insomniaque, 1997<\/span><\/p>\n<p id=\"titre\" class=\"notice\"><span class=\"\">Le statut du politique chez Marx, Hma\u00efd Ben Aziza, <\/span><span class=\"notice-label\">Publication\u00a0:\u00a0<\/span><span class=\"\">Tunis : ALIF les editions de la M\u00e9diterran\u00e9e, 1997<\/span><\/p>\n<p id=\"titre\" class=\"notice\"><span class=\"\">La th\u00e9orie de la r\u00e9volution chez le jeune Marx, Michael L\u00f6wy, <\/span><span class=\"notice-label\">Publication\u00a0:\u00a0<\/span><span class=\"\">Paris : \u00c9d. sociales, 1997<\/span><\/p>\n","protected":false},"excerpt":{"rendered":"<p>Karl Marx \u2013 Friedrich Engels. Tekster pa dansk 1848-1996. En bibliografi over artikler, breve, boger. Udarbejdet af Louise Fluger Callesen. ABA\u2019s bibliografske serie 10, Kobenhavn 1997 (Mail). Hans-Georg Backhaus: Dialektik der Wertform: Untersuchungen zur marxschen \u00d6konomiekritik, Verl. \u00c7a ira, Freiburg &hellip; <a href=\"https:\/\/liremarx.noblogs.org\/?page_id=1915\">Continuer la lecture <span class=\"meta-nav\">&rarr;<\/span><\/a><\/p>\n","protected":false},"author":14481,"featured_media":0,"parent":0,"menu_order":0,"comment_status":"closed","ping_status":"closed","template":"","meta":{"footnotes":""},"class_list":["post-1915","page","type-page","status-publish","hentry"],"_links":{"self":[{"href":"https:\/\/liremarx.noblogs.org\/index.php?rest_route=\/wp\/v2\/pages\/1915","targetHints":{"allow":["GET"]}}],"collection":[{"href":"https:\/\/liremarx.noblogs.org\/index.php?rest_route=\/wp\/v2\/pages"}],"about":[{"href":"https:\/\/liremarx.noblogs.org\/index.php?rest_route=\/wp\/v2\/types\/page"}],"author":[{"embeddable":true,"href":"https:\/\/liremarx.noblogs.org\/index.php?rest_route=\/wp\/v2\/users\/14481"}],"replies":[{"embeddable":true,"href":"https:\/\/liremarx.noblogs.org\/index.php?rest_route=%2Fwp%2Fv2%2Fcomments&post=1915"}],"version-history":[{"count":5,"href":"https:\/\/liremarx.noblogs.org\/index.php?rest_route=\/wp\/v2\/pages\/1915\/revisions"}],"predecessor-version":[{"id":1946,"href":"https:\/\/liremarx.noblogs.org\/index.php?rest_route=\/wp\/v2\/pages\/1915\/revisions\/1946"}],"wp:attachment":[{"href":"https:\/\/liremarx.noblogs.org\/index.php?rest_route=%2Fwp%2Fv2%2Fmedia&parent=1915"}],"curies":[{"name":"wp","href":"https:\/\/api.w.org\/{rel}","templated":true}]}}