{"id":1917,"date":"2020-04-02T15:21:23","date_gmt":"2020-04-02T13:21:23","guid":{"rendered":"http:\/\/liremarx.noblogs.org\/?page_id=1917"},"modified":"2020-04-03T11:27:52","modified_gmt":"2020-04-03T09:27:52","slug":"p-1999","status":"publish","type":"page","link":"https:\/\/liremarx.noblogs.org\/?page_id=1917","title":{"rendered":"Publications autour de Marx &#8211; 1999"},"content":{"rendered":"<p><strong>Heinrich Gemkow<\/strong>: Edgar v. Westphalen. Jahrbuch f\u00fcr westdeutsche Landesgeschichte, 1999, 25. Jg. Hrsg. von Heinz-G\u00fcnther Borck, Wolfgang Laufer unter Mitarbeit von Jost Hausmann, Koblenz 1999 (ISSN 0170-2025).<\/p>\n<p><strong>Elmar Altvater, Rolf Hecker, Michael Heinrich, Petra Schaper-Rinkel<\/strong>: Kapital.doc. Das Kapital (Bd. 1) von Marx in Schaubildern und Kommentaren, M\u00fcnster 1999 (ISBN 3-89691-437-5).<\/p>\n<p><strong>Madeleine Grawitz<\/strong>: Bakunin. Ein Leben f\u00fcr Freiheit. Aus d. Franz\u00f6sischen, Hamburg 1999 (ISBN 3-89401-339-7)<br \/>\nRezension: Wolfgang Eckhardt, IWK, 2000, H. 1, S. 117-123.<\/p>\n<p><strong>Karl Marx\/Friedrich Engels<\/strong>: Gesamtausgabe, Vierte Abteilung: Exzerpte, Notizen, Marginalien, Bd. 31: Karl Marx\/Friedrich Engels: Naturwissenschaftliche Exzerpte und Notizen, Mitte 1877 bis Anfang 1883. Bearbeitet von Anneliese Griese, Friederun Fessen, Peter J\u00e4ckel und Gerd Pawelzig, Akademie Verlag, Berlin 1999 (ISBN 3-05-003399-1).<\/p>\n<p>Historisch-Kritisches W\u00f6rterbuch des Marxismus. Hrsg. von Wolfgang Fritz Haug, Band 4: Fabel bis Gegenmacht. Hamburg 1999 (ISBN 3-88619-435-2).<\/p>\n<p><strong>Michael Heinrich<\/strong>: Die Wissenschaft vom Wert. Die Marxsche Kritik der politischen \u00d6konomie zwischen wissenschaftlicher Revolution und klassischer Tradition, \u00fcberarb. u. erw. Neuauflage, M\u00fcnster 1999 (ISBN 3-89691-454-5).<\/p>\n<p><strong>Jan Gielkens<\/strong>: Karl Marx und seine niederl\u00e4ndischen Verwandten. Eine kommentierte Quellenedition. Schriften aus dem Karl-Marx-Haus Trier, Nr. 50, Trier 1999 (ISBN 3-86077-845-5).<br \/>\nRezension: Heinrich Gemkow, IWK, 2000, H. 4, S. 553-555.<\/p>\n<p>Marx und Engels neu Lesen. Hrsg. F\u00f6rderkreis Marx-Engels-Ausgaben e.V., Neue Impulse, Verlag Essen, bisher erschienen:<\/p>\n<ul>\n<li><strong>Friedrich Engels<\/strong>: Die Rolle der Gewalt in der Geschichte (Rolf Dlubek, Rosemarie Giese), 2000 (ISBN 3-910080-19-7).<\/li>\n<li><strong>Karl Marx\/Friedrich Engels:<\/strong> Zu den sozialdemokratischen Programmentw\u00fcrfen von Gotha und Erfurt (Peer K\u00f6sling), 1999 (ISBN 3-910080-15-4).<\/li>\n<li><strong>Friedrich Engels<\/strong>: Die Entwicklung des Sozialismus von der Utopie zur Wissenschaft (Waldtraud und Heinrich Opitz), 1998 (ISBN 3-910080-14-6).<\/li>\n<li><strong>Karl Marx\/Friedrich Engels<\/strong>: Manifest der Kommunistischen Partei (Martin Hundt), 1998 (ISBN 3-910080-13-8).<\/li>\n<li><strong>Karl Marx:<\/strong> Lohn, Preis und Profit (Manfred M\u00fcller), 1998 (ISBN 3-910080-12-X).<\/li>\n<\/ul>\n<p><strong>Dieter Redlich<\/strong>: Die \u201eUmkehrung\u201c der Hegelschen Dialektik. Programme idealistischer und materialistischer Dialektik, Bern 1999 (ISBN 3-906761-76-2).<\/p>\n<p><strong>Ranganayakamma<\/strong>: An Introduction to Marx\u2019s \u201eCapital\u201c (in 3 volumes), Hyderabad 1999 (ISBN 81-87515-01-5).<\/p>\n<p><strong>Iring Fetscher<\/strong>: Marx, Freiburg 1999.<\/p>\n<p><strong>Ralf Dahrendorf<\/strong>: Karl Marx, in: Dirk K\u00e4sler (Hrsg.), Klassiker der Soziologie, Bd. 1. M\u00fcnchen 1999, S. 58-73.<\/p>\n<p><strong>Thomas Bonschab, Ralph Schrader<\/strong>: Ausbeutung, Klasse und Freiheit im Analytischen Marxismus, in: Deutsche Zeitschrift f\u00fcr Philosophie, Berlin Jg. 47, 1999, H. 4, S. 573-589.<\/p>\n<p><strong>Peter Arnds<\/strong>: Richard Weikart: Socialist Darwinisme. Evolution in German Socialist Thought. From Marx to Bernstein. San Francisco 1999, 257 S.<br \/>\nRezension: German Studies Review, Vol. XXV, 2002, Number 1, p. 131\/32.<\/p>\n<p><strong>Stefan Gandler<\/strong>: Peripherer Marxismus. Kritische Theorie in Mexiko. Hamburg, Berlin, 1999. 459 S. ISBN: 3-88619-270-9.<\/p>\n<p id=\"titre\" class=\"notice\"><span class=\"\">Marx, the young Hegelians, and the origins of radical social theory, Warren Breckman, <\/span><span class=\"notice-label\">Publication\u00a0:\u00a0<\/span><span class=\"\">Cambridge : Cambridge university press, cop. 1999<\/span><\/p>\n<p id=\"titre\" class=\"notice\"><span class=\"\">Vom Hegelianismus zum philosophischen Materialismus : eine Studie \u00fcber die Entwicklung des politischen und philosophischen Denkens des jungen Marx, Hang-Gu Cho, <\/span><span class=\"notice-label\">Publication\u00a0:\u00a0<\/span><span class=\"\">Frankfurt am Main : P. Lang, Europ\u00e4ischer Verl. der Wissenschaften, cop. 1999<\/span><\/p>\n<h1>En fran\u00e7ais<\/h1>\n<p id=\"titre\" class=\"notice\"><span class=\"\">Le marxisme d&rsquo;Ernest Mandel : [s\u00e9minaire, Amsterdam, 4-6 juillet 1996] \/ [organis\u00e9 par le Centre d&rsquo;\u00e9tudes Ernest Mandel] ; sous la dir. de Gilbert Achcar. [Pr\u00e9misses mat\u00e9rielles, sociales et id\u00e9ologiques du g\u00e9nocide nazi] ; [Pourquoi je suis marxiste] \/ [Ernest Mandel], <\/span><span class=\"notice-label\">Publication\u00a0:\u00a0<\/span><span class=\"\">Paris : Presses universitaires de France, 1999<\/span><\/p>\n<p id=\"titre\" class=\"notice\"><span class=\"\">Hegel et Marx, l&rsquo;interminable d\u00e9bat, Kostas Papaioannou, <\/span><span class=\"notice-label\">Publication\u00a0:\u00a0<\/span><span class=\"\">Paris : \u00c9d. Allia, 1999<\/span><\/p>\n<p id=\"titre\" class=\"notice\"><span class=\"\">Marx, cet inconnu, Arnaud Spire, <\/span><span class=\"notice-label\">Publication\u00a0:\u00a0<\/span><span class=\"\">Paris : Descl\u00e9e de Brouwer, 1999<\/span><\/p>\n<p id=\"titre\" class=\"notice\"><span class=\"\">Marxisme et socialisme, th\u00e9orie et strat\u00e9gie, Victor Fay ; textes rassembl\u00e9s par Paule Fay et Claude Geraud ; pr\u00e9f. de Jean-Marie Demaldent, <\/span><span class=\"notice-label\">Publication\u00a0:\u00a0<\/span><span class=\"\">Paris ; Montr\u00e9al (Qu\u00e9bec) : l&rsquo;Harmattan, 1999<\/span><\/p>\n<p id=\"titre\" class=\"notice\"><span class=\"\">Th\u00e9orie g\u00e9n\u00e9rale : th\u00e9orie du droit, de l&rsquo;\u00e9conomie et de la politique \/ Jacques Bidet, <\/span><span class=\"notice-label\">Publication\u00a0:\u00a0<\/span><span class=\"\">Paris : Presses universitaires de France, 1999<\/span><\/p>\n","protected":false},"excerpt":{"rendered":"<p>Heinrich Gemkow: Edgar v. Westphalen. Jahrbuch f\u00fcr westdeutsche Landesgeschichte, 1999, 25. Jg. Hrsg. von Heinz-G\u00fcnther Borck, Wolfgang Laufer unter Mitarbeit von Jost Hausmann, Koblenz 1999 (ISSN 0170-2025). Elmar Altvater, Rolf Hecker, Michael Heinrich, Petra Schaper-Rinkel: Kapital.doc. Das Kapital (Bd. 1) &hellip; <a href=\"https:\/\/liremarx.noblogs.org\/?page_id=1917\">Continuer la lecture <span class=\"meta-nav\">&rarr;<\/span><\/a><\/p>\n","protected":false},"author":14481,"featured_media":0,"parent":0,"menu_order":0,"comment_status":"closed","ping_status":"closed","template":"","meta":{"footnotes":""},"class_list":["post-1917","page","type-page","status-publish","hentry"],"_links":{"self":[{"href":"https:\/\/liremarx.noblogs.org\/index.php?rest_route=\/wp\/v2\/pages\/1917","targetHints":{"allow":["GET"]}}],"collection":[{"href":"https:\/\/liremarx.noblogs.org\/index.php?rest_route=\/wp\/v2\/pages"}],"about":[{"href":"https:\/\/liremarx.noblogs.org\/index.php?rest_route=\/wp\/v2\/types\/page"}],"author":[{"embeddable":true,"href":"https:\/\/liremarx.noblogs.org\/index.php?rest_route=\/wp\/v2\/users\/14481"}],"replies":[{"embeddable":true,"href":"https:\/\/liremarx.noblogs.org\/index.php?rest_route=%2Fwp%2Fv2%2Fcomments&post=1917"}],"version-history":[{"count":4,"href":"https:\/\/liremarx.noblogs.org\/index.php?rest_route=\/wp\/v2\/pages\/1917\/revisions"}],"predecessor-version":[{"id":1943,"href":"https:\/\/liremarx.noblogs.org\/index.php?rest_route=\/wp\/v2\/pages\/1917\/revisions\/1943"}],"wp:attachment":[{"href":"https:\/\/liremarx.noblogs.org\/index.php?rest_route=%2Fwp%2Fv2%2Fmedia&parent=1917"}],"curies":[{"name":"wp","href":"https:\/\/api.w.org\/{rel}","templated":true}]}}