{"id":657,"date":"2019-11-26T12:49:08","date_gmt":"2019-11-26T11:49:08","guid":{"rendered":"https:\/\/lazermihome.wordpress.com\/?page_id=536"},"modified":"2022-11-14T16:44:27","modified_gmt":"2022-11-14T15:44:27","slug":"dossiers","status":"publish","type":"page","link":"https:\/\/liremarx.noblogs.org\/?page_id=657","title":{"rendered":"Dossiers"},"content":{"rendered":"<p><em><strong>Les dossiers sont r\u00e9unis ici selon des degr\u00e9s (Introduction, approfondissement, derni\u00e8res parutions \u00e0 ce sujet). En cours de construction.<\/strong> <\/em><\/p>\n<hr \/>\n<h1 style=\"text-align: center\">Economie<\/h1>\n<p>&nbsp;<\/p>\n<h2>Pour commencer<\/h2>\n<p>Emissions radio<\/p>\n<p>&nbsp;<\/p>\n<p>&nbsp;<\/p>\n<h2>Approfondissement<\/h2>\n<p>&nbsp;<\/p>\n","protected":false},"excerpt":{"rendered":"<p>Les dossiers sont r\u00e9unis ici selon des degr\u00e9s (Introduction, approfondissement, derni\u00e8res parutions \u00e0 ce sujet). En cours de construction. Economie &nbsp; Pour commencer Emissions radio &nbsp; &nbsp; Approfondissement &nbsp;<\/p>\n","protected":false},"author":14481,"featured_media":0,"parent":0,"menu_order":0,"comment_status":"closed","ping_status":"closed","template":"","meta":{"footnotes":""},"class_list":["post-657","page","type-page","status-publish","hentry"],"_links":{"self":[{"href":"https:\/\/liremarx.noblogs.org\/index.php?rest_route=\/wp\/v2\/pages\/657","targetHints":{"allow":["GET"]}}],"collection":[{"href":"https:\/\/liremarx.noblogs.org\/index.php?rest_route=\/wp\/v2\/pages"}],"about":[{"href":"https:\/\/liremarx.noblogs.org\/index.php?rest_route=\/wp\/v2\/types\/page"}],"author":[{"embeddable":true,"href":"https:\/\/liremarx.noblogs.org\/index.php?rest_route=\/wp\/v2\/users\/14481"}],"replies":[{"embeddable":true,"href":"https:\/\/liremarx.noblogs.org\/index.php?rest_route=%2Fwp%2Fv2%2Fcomments&post=657"}],"version-history":[{"count":3,"href":"https:\/\/liremarx.noblogs.org\/index.php?rest_route=\/wp\/v2\/pages\/657\/revisions"}],"predecessor-version":[{"id":2528,"href":"https:\/\/liremarx.noblogs.org\/index.php?rest_route=\/wp\/v2\/pages\/657\/revisions\/2528"}],"wp:attachment":[{"href":"https:\/\/liremarx.noblogs.org\/index.php?rest_route=%2Fwp%2Fv2%2Fmedia&parent=657"}],"curies":[{"name":"wp","href":"https:\/\/api.w.org\/{rel}","templated":true}]}}